{"id":360,"date":"2023-11-20T20:59:15","date_gmt":"2023-11-20T19:59:15","guid":{"rendered":"https:\/\/duosebetso.fr\/?page_id=360"},"modified":"2025-03-14T06:19:41","modified_gmt":"2025-03-14T05:19:41","slug":"commande","status":"publish","type":"page","link":"https:\/\/duosebetso.fr\/?page_id=360","title":{"rendered":"Commande"},"content":{"rendered":"\t\t<div data-elementor-type=\"wp-page\" data-elementor-id=\"360\" class=\"elementor elementor-360\">\n\t\t\t\t<div class=\"elementor-element elementor-element-e9474e1 e-flex e-con-boxed e-con e-parent\" data-id=\"e9474e1\" data-element_type=\"container\" data-settings=\"{&quot;background_background&quot;:&quot;classic&quot;}\">\n\t\t\t\t\t<div class=\"e-con-inner\">\n\t\t\t\t<div class=\"elementor-element elementor-element-abd91a8 elementor-widget elementor-widget-text-editor\" data-id=\"abd91a8\" data-element_type=\"widget\" data-widget_type=\"text-editor.default\">\n\t\t\t\t<div class=\"elementor-widget-container\">\n\t\t\t\t\t\t\t\t\t<p>Pour passer commande, envoyer votre r\u00e8glement par ch\u00e8que \u00e0 l&rsquo;ordre de S\u00e9bastien Pesqueux, en indiquant sur papier libre vos coordonn\u00e9es d&rsquo;envoi et le d\u00e9tail de votre commande (nom et nombre d&rsquo;album) \u00e0 l&rsquo;adresse suivante :<\/p><p>Seb&amp;So<\/p><p>50 rue Vermaelen\u00a0<\/p><p>62390 AUXI-LE-CHATEAU<\/p>\t\t\t\t\t\t\t\t<\/div>\n\t\t\t\t<\/div>\n\t\t\t\t<div class=\"elementor-element elementor-element-95fad50 elementor-widget elementor-widget-shortcode\" data-id=\"95fad50\" data-element_type=\"widget\" data-widget_type=\"shortcode.default\">\n\t\t\t\t<div class=\"elementor-widget-container\">\n\t\t\t\t\t\t\t<div class=\"elementor-shortcode\"><div class=\"wpforms-container wpforms-container-full wpforms-render-modern\" id=\"wpforms-522\"><form id=\"wpforms-form-522\" class=\"wpforms-validate wpforms-form wpforms-ajax-form\" data-formid=\"522\" method=\"post\" enctype=\"multipart\/form-data\" action=\"\/index.php?rest_route=%2Fwp%2Fv2%2Fpages%2F360\" data-token=\"77a103ed63b3dd4e4b1e97ae4a7559cd\" data-token-time=\"1778670727\"><noscript class=\"wpforms-error-noscript\">Veuillez activer JavaScript dans votre navigateur pour remplir ce formulaire.<\/noscript><div class=\"wpforms-hidden\" id=\"wpforms-error-noscript\">Veuillez activer JavaScript dans votre navigateur pour remplir ce formulaire.<\/div><div class=\"wpforms-field-container\"><div id=\"wpforms-522-field_0-container\" class=\"wpforms-field wpforms-field-name\" data-field-id=\"0\"><fieldset><legend class=\"wpforms-field-label\">Nom <span class=\"wpforms-required-label\" aria-hidden=\"true\">*<\/span><\/legend><div class=\"wpforms-field-row wpforms-field-medium\"><div class=\"wpforms-field-row-block wpforms-first wpforms-one-half\"><input type=\"text\" id=\"wpforms-522-field_0\" class=\"wpforms-field-name-first wpforms-field-required\" name=\"wpforms[fields][0][first]\" aria-errormessage=\"wpforms-522-field_0-error\" required><label for=\"wpforms-522-field_0\" class=\"wpforms-field-sublabel after\">Pr\u00e9nom<\/label><\/div><div class=\"wpforms-field-row-block wpforms-one-half\"><input type=\"text\" id=\"wpforms-522-field_0-last\" class=\"wpforms-field-name-last wpforms-field-required\" name=\"wpforms[fields][0][last]\" aria-errormessage=\"wpforms-522-field_0-last-error\" required><label for=\"wpforms-522-field_0-last\" class=\"wpforms-field-sublabel after\">Nom<\/label><\/div><\/div><\/fieldset><\/div><div id=\"wpforms-522-field_3-container\" class=\"wpforms-field wpforms-field-textarea\" data-field-id=\"3\"><label class=\"wpforms-field-label\" for=\"wpforms-522-field_3\">Adresse <span class=\"wpforms-required-label\" aria-hidden=\"true\">*<\/span><\/label><textarea id=\"wpforms-522-field_3\" class=\"wpforms-field-medium wpforms-field-required\" name=\"wpforms[fields][3]\" aria-errormessage=\"wpforms-522-field_3-error\" required><\/textarea><\/div><div id=\"wpforms-522-field_7-container\" class=\"wpforms-field wpforms-field-checkbox wpforms-list-2-columns\" data-field-id=\"7\"><fieldset><legend class=\"wpforms-field-label\">Albums<\/legend><ul id=\"wpforms-522-field_7\" class=\"wpforms-image-choices wpforms-image-choices-modern\"><li class=\"choice-1 depth-1 wpforms-image-choices-item\"><label class=\"wpforms-field-label-inline\" for=\"wpforms-522-field_7_1\" tabindex=\"0\"><span class=\"wpforms-image-choices-image\"><img decoding=\"async\" src=\"http:\/\/duosebetso.fr\/wp-content\/uploads\/2023\/11\/cd1-sans-artifices.png\" alt=\"Sans artifices =&gt; 10\u20ac\" title=\"Sans artifices =&gt; 10\u20ac\"><\/span><input type=\"checkbox\" id=\"wpforms-522-field_7_1\" class=\"wpforms-screen-reader-element\" name=\"wpforms[fields][7][]\" value=\"Sans artifices =&gt; 10\u20ac\" aria-errormessage=\"wpforms-522-field_7_1-error\" tabindex=\"-1\"  ><span class=\"wpforms-image-choices-label\">Sans artifices =&gt; 10\u20ac<\/span><\/label><\/li><li class=\"choice-2 depth-1 wpforms-image-choices-item\"><label class=\"wpforms-field-label-inline\" for=\"wpforms-522-field_7_2\" tabindex=\"0\"><span class=\"wpforms-image-choices-image\"><img decoding=\"async\" src=\"http:\/\/duosebetso.fr\/wp-content\/uploads\/2023\/11\/cd2-comme-a-la-maison.png\" alt=\"Comme \u00e0 la maison =&gt; 10\u20ac\" title=\"Comme \u00e0 la maison =&gt; 10\u20ac\"><\/span><input type=\"checkbox\" id=\"wpforms-522-field_7_2\" class=\"wpforms-screen-reader-element\" name=\"wpforms[fields][7][]\" value=\"Comme \u00e0 la maison =&gt; 10\u20ac\" aria-errormessage=\"wpforms-522-field_7_2-error\" tabindex=\"-1\"  ><span class=\"wpforms-image-choices-label\">Comme \u00e0 la maison =&gt; 10\u20ac<\/span><\/label><\/li><li class=\"choice-3 depth-1 wpforms-image-choices-item\"><label class=\"wpforms-field-label-inline\" for=\"wpforms-522-field_7_3\" tabindex=\"0\"><span class=\"wpforms-image-choices-image\"><img decoding=\"async\" src=\"http:\/\/duosebetso.fr\/wp-content\/uploads\/2023\/11\/cd3-jamais-deux-sans-toi.png\" alt=\"jamais deux sans toi =&gt; 10\u20ac\" title=\"jamais deux sans toi =&gt; 10\u20ac\"><\/span><input type=\"checkbox\" id=\"wpforms-522-field_7_3\" class=\"wpforms-screen-reader-element\" name=\"wpforms[fields][7][]\" value=\"jamais deux sans toi =&gt; 10\u20ac\" aria-errormessage=\"wpforms-522-field_7_3-error\" tabindex=\"-1\"  ><span class=\"wpforms-image-choices-label\">jamais deux sans toi =&gt; 10\u20ac<\/span><\/label><\/li><li class=\"choice-5 depth-1 wpforms-image-choices-item\"><label class=\"wpforms-field-label-inline\" for=\"wpforms-522-field_7_5\" tabindex=\"0\"><span class=\"wpforms-image-choices-image\"><img decoding=\"async\" src=\"http:\/\/duosebetso.fr\/wp-content\/uploads\/2023\/11\/visuel-pochette.jpg\" alt=\"N\u00b04 (cl\u00e9 USB) =&gt; 12\u20ac\" title=\"N\u00b04 (cl\u00e9 USB) =&gt; 12\u20ac\"><\/span><input type=\"checkbox\" id=\"wpforms-522-field_7_5\" class=\"wpforms-screen-reader-element\" name=\"wpforms[fields][7][]\" value=\"N\u00b04 (cl\u00e9 USB) =&gt; 12\u20ac\" aria-errormessage=\"wpforms-522-field_7_5-error\" tabindex=\"-1\"  ><span class=\"wpforms-image-choices-label\">N\u00b04 (cl\u00e9 USB) =&gt; 12\u20ac<\/span><\/label><\/li><\/ul><\/fieldset><\/div><div id=\"wpforms-522-field_1-container\" class=\"wpforms-field wpforms-field-email\" data-field-id=\"1\"><label class=\"wpforms-field-label\" for=\"wpforms-522-field_1\">E-mail <span class=\"wpforms-required-label\" aria-hidden=\"true\">*<\/span><\/label><input type=\"email\" id=\"wpforms-522-field_1\" class=\"wpforms-field-medium wpforms-field-required\" name=\"wpforms[fields][1]\" spellcheck=\"false\" aria-errormessage=\"wpforms-522-field_1-error\" required><\/div><div id=\"wpforms-522-field_2-container\" class=\"wpforms-field wpforms-field-textarea\" data-field-id=\"2\"><label class=\"wpforms-field-label\" for=\"wpforms-522-field_2\">Commentaire ou message<\/label><textarea id=\"wpforms-522-field_2\" class=\"wpforms-field-medium\" name=\"wpforms[fields][2]\" aria-errormessage=\"wpforms-522-field_2-error\" ><\/textarea><\/div><\/div><!-- .wpforms-field-container --><div class=\"wpforms-submit-container\" ><input type=\"hidden\" name=\"wpforms[id]\" value=\"522\"><input type=\"hidden\" name=\"page_title\" value=\"\"><input type=\"hidden\" name=\"page_url\" value=\"https:\/\/duosebetso.fr\/index.php?rest_route=\/wp\/v2\/pages\/360\"><input type=\"hidden\" name=\"url_referer\" value=\"\"><button type=\"submit\" name=\"wpforms[submit]\" id=\"wpforms-submit-522\" class=\"wpforms-submit\" data-alt-text=\"Envoi...\" data-submit-text=\"Envoyer\" aria-live=\"assertive\" value=\"wpforms-submit\">Envoyer<\/button><img decoding=\"async\" src=\"https:\/\/duosebetso.fr\/wp-content\/plugins\/wpforms-lite\/assets\/images\/submit-spin.svg\" class=\"wpforms-submit-spinner\" style=\"display: none;\" width=\"26\" height=\"26\" alt=\"Chargement en cours\"><\/div><\/form><\/div>  <!-- .wpforms-container -->\t<\/div>\n\t\t\t\t\t\t<\/div>\n\t\t\t\t<\/div>\n\t\t\t\t\t<\/div>\n\t\t\t\t<\/div>\n\t\t\t\t<\/div>\n\t\t","protected":false},"excerpt":{"rendered":"<p>Pour passer commande, envoyer votre r\u00e8glement par ch\u00e8que \u00e0 l&rsquo;ordre de S\u00e9bastien Pesqueux, en indiquant sur papier libre vos coordonn\u00e9es d&rsquo;envoi et le d\u00e9tail de votre commande (nom et nombre d&rsquo;album) \u00e0 l&rsquo;adresse suivante : Seb&amp;So 50 rue Vermaelen\u00a0 62390 AUXI-LE-CHATEAU<\/p>\n","protected":false},"author":1,"featured_media":0,"parent":0,"menu_order":0,"comment_status":"closed","ping_status":"closed","template":"","meta":{"footnotes":""},"class_list":["post-360","page","type-page","status-publish","hentry"],"yoast_head":"<!-- This site is optimized with the Yoast SEO plugin v24.9 - https:\/\/yoast.com\/wordpress\/plugins\/seo\/ -->\n<title>Commande - Seb &amp; So<\/title>\n<meta name=\"robots\" content=\"index, follow, max-snippet:-1, max-image-preview:large, max-video-preview:-1\" \/>\n<link rel=\"canonical\" href=\"https:\/\/duosebetso.fr\/?page_id=360\" \/>\n<meta property=\"og:locale\" content=\"fr_FR\" \/>\n<meta property=\"og:type\" content=\"article\" \/>\n<meta property=\"og:title\" content=\"Commande - Seb &amp; So\" \/>\n<meta property=\"og:description\" content=\"Pour passer commande, envoyer votre r\u00e8glement par ch\u00e8que \u00e0 l&rsquo;ordre de S\u00e9bastien Pesqueux, en indiquant sur papier libre vos coordonn\u00e9es d&rsquo;envoi et le d\u00e9tail de votre commande (nom et nombre d&rsquo;album) \u00e0 l&rsquo;adresse suivante : Seb&amp;So 50 rue Vermaelen\u00a0 62390 AUXI-LE-CHATEAU\" \/>\n<meta property=\"og:url\" content=\"https:\/\/duosebetso.fr\/?page_id=360\" \/>\n<meta property=\"og:site_name\" content=\"Seb &amp; So\" \/>\n<meta property=\"article:publisher\" content=\"https:\/\/www.facebook.com\/people\/Sebso\/100064023331351\/\" \/>\n<meta property=\"article:modified_time\" content=\"2025-03-14T05:19:41+00:00\" \/>\n<meta name=\"twitter:card\" content=\"summary_large_image\" \/>\n<meta name=\"twitter:label1\" content=\"Dur\u00e9e de lecture estim\u00e9e\" \/>\n\t<meta name=\"twitter:data1\" content=\"1 minute\" \/>\n<script type=\"application\/ld+json\" class=\"yoast-schema-graph\">{\"@context\":\"https:\/\/schema.org\",\"@graph\":[{\"@type\":\"WebPage\",\"@id\":\"https:\/\/duosebetso.fr\/?page_id=360\",\"url\":\"https:\/\/duosebetso.fr\/?page_id=360\",\"name\":\"Commande - Seb &amp; So\",\"isPartOf\":{\"@id\":\"https:\/\/duosebetso.fr\/#website\"},\"datePublished\":\"2023-11-20T19:59:15+00:00\",\"dateModified\":\"2025-03-14T05:19:41+00:00\",\"breadcrumb\":{\"@id\":\"https:\/\/duosebetso.fr\/?page_id=360#breadcrumb\"},\"inLanguage\":\"fr-FR\",\"potentialAction\":[{\"@type\":\"ReadAction\",\"target\":[\"https:\/\/duosebetso.fr\/?page_id=360\"]}]},{\"@type\":\"BreadcrumbList\",\"@id\":\"https:\/\/duosebetso.fr\/?page_id=360#breadcrumb\",\"itemListElement\":[{\"@type\":\"ListItem\",\"position\":1,\"name\":\"Accueil\",\"item\":\"https:\/\/duosebetso.fr\/\"},{\"@type\":\"ListItem\",\"position\":2,\"name\":\"Commande\"}]},{\"@type\":\"WebSite\",\"@id\":\"https:\/\/duosebetso.fr\/#website\",\"url\":\"https:\/\/duosebetso.fr\/\",\"name\":\"Seb & So\",\"description\":\"\",\"publisher\":{\"@id\":\"https:\/\/duosebetso.fr\/#organization\"},\"potentialAction\":[{\"@type\":\"SearchAction\",\"target\":{\"@type\":\"EntryPoint\",\"urlTemplate\":\"https:\/\/duosebetso.fr\/?s={search_term_string}\"},\"query-input\":{\"@type\":\"PropertyValueSpecification\",\"valueRequired\":true,\"valueName\":\"search_term_string\"}}],\"inLanguage\":\"fr-FR\"},{\"@type\":\"Organization\",\"@id\":\"https:\/\/duosebetso.fr\/#organization\",\"name\":\"Seb & So\",\"url\":\"https:\/\/duosebetso.fr\/\",\"logo\":{\"@type\":\"ImageObject\",\"inLanguage\":\"fr-FR\",\"@id\":\"https:\/\/duosebetso.fr\/#\/schema\/logo\/image\/\",\"url\":\"https:\/\/duosebetso.fr\/wp-content\/uploads\/2023\/11\/sebso1.png\",\"contentUrl\":\"https:\/\/duosebetso.fr\/wp-content\/uploads\/2023\/11\/sebso1.png\",\"width\":1407,\"height\":616,\"caption\":\"Seb & So\"},\"image\":{\"@id\":\"https:\/\/duosebetso.fr\/#\/schema\/logo\/image\/\"},\"sameAs\":[\"https:\/\/www.facebook.com\/people\/Sebso\/100064023331351\/\"]}]}<\/script>\n<!-- \/ Yoast SEO plugin. -->","yoast_head_json":{"title":"Commande - Seb &amp; So","robots":{"index":"index","follow":"follow","max-snippet":"max-snippet:-1","max-image-preview":"max-image-preview:large","max-video-preview":"max-video-preview:-1"},"canonical":"https:\/\/duosebetso.fr\/?page_id=360","og_locale":"fr_FR","og_type":"article","og_title":"Commande - Seb &amp; So","og_description":"Pour passer commande, envoyer votre r\u00e8glement par ch\u00e8que \u00e0 l&rsquo;ordre de S\u00e9bastien Pesqueux, en indiquant sur papier libre vos coordonn\u00e9es d&rsquo;envoi et le d\u00e9tail de votre commande (nom et nombre d&rsquo;album) \u00e0 l&rsquo;adresse suivante : Seb&amp;So 50 rue Vermaelen\u00a0 62390 AUXI-LE-CHATEAU","og_url":"https:\/\/duosebetso.fr\/?page_id=360","og_site_name":"Seb &amp; So","article_publisher":"https:\/\/www.facebook.com\/people\/Sebso\/100064023331351\/","article_modified_time":"2025-03-14T05:19:41+00:00","twitter_card":"summary_large_image","twitter_misc":{"Dur\u00e9e de lecture estim\u00e9e":"1 minute"},"schema":{"@context":"https:\/\/schema.org","@graph":[{"@type":"WebPage","@id":"https:\/\/duosebetso.fr\/?page_id=360","url":"https:\/\/duosebetso.fr\/?page_id=360","name":"Commande - Seb &amp; So","isPartOf":{"@id":"https:\/\/duosebetso.fr\/#website"},"datePublished":"2023-11-20T19:59:15+00:00","dateModified":"2025-03-14T05:19:41+00:00","breadcrumb":{"@id":"https:\/\/duosebetso.fr\/?page_id=360#breadcrumb"},"inLanguage":"fr-FR","potentialAction":[{"@type":"ReadAction","target":["https:\/\/duosebetso.fr\/?page_id=360"]}]},{"@type":"BreadcrumbList","@id":"https:\/\/duosebetso.fr\/?page_id=360#breadcrumb","itemListElement":[{"@type":"ListItem","position":1,"name":"Accueil","item":"https:\/\/duosebetso.fr\/"},{"@type":"ListItem","position":2,"name":"Commande"}]},{"@type":"WebSite","@id":"https:\/\/duosebetso.fr\/#website","url":"https:\/\/duosebetso.fr\/","name":"Seb & So","description":"","publisher":{"@id":"https:\/\/duosebetso.fr\/#organization"},"potentialAction":[{"@type":"SearchAction","target":{"@type":"EntryPoint","urlTemplate":"https:\/\/duosebetso.fr\/?s={search_term_string}"},"query-input":{"@type":"PropertyValueSpecification","valueRequired":true,"valueName":"search_term_string"}}],"inLanguage":"fr-FR"},{"@type":"Organization","@id":"https:\/\/duosebetso.fr\/#organization","name":"Seb & So","url":"https:\/\/duosebetso.fr\/","logo":{"@type":"ImageObject","inLanguage":"fr-FR","@id":"https:\/\/duosebetso.fr\/#\/schema\/logo\/image\/","url":"https:\/\/duosebetso.fr\/wp-content\/uploads\/2023\/11\/sebso1.png","contentUrl":"https:\/\/duosebetso.fr\/wp-content\/uploads\/2023\/11\/sebso1.png","width":1407,"height":616,"caption":"Seb & So"},"image":{"@id":"https:\/\/duosebetso.fr\/#\/schema\/logo\/image\/"},"sameAs":["https:\/\/www.facebook.com\/people\/Sebso\/100064023331351\/"]}]}},"_links":{"self":[{"href":"https:\/\/duosebetso.fr\/index.php?rest_route=\/wp\/v2\/pages\/360","targetHints":{"allow":["GET"]}}],"collection":[{"href":"https:\/\/duosebetso.fr\/index.php?rest_route=\/wp\/v2\/pages"}],"about":[{"href":"https:\/\/duosebetso.fr\/index.php?rest_route=\/wp\/v2\/types\/page"}],"author":[{"embeddable":true,"href":"https:\/\/duosebetso.fr\/index.php?rest_route=\/wp\/v2\/users\/1"}],"replies":[{"embeddable":true,"href":"https:\/\/duosebetso.fr\/index.php?rest_route=%2Fwp%2Fv2%2Fcomments&post=360"}],"version-history":[{"count":25,"href":"https:\/\/duosebetso.fr\/index.php?rest_route=\/wp\/v2\/pages\/360\/revisions"}],"predecessor-version":[{"id":634,"href":"https:\/\/duosebetso.fr\/index.php?rest_route=\/wp\/v2\/pages\/360\/revisions\/634"}],"wp:attachment":[{"href":"https:\/\/duosebetso.fr\/index.php?rest_route=%2Fwp%2Fv2%2Fmedia&parent=360"}],"curies":[{"name":"wp","href":"https:\/\/api.w.org\/{rel}","templated":true}]}}