{"id":31,"date":"2018-10-23T10:04:01","date_gmt":"2018-10-23T08:04:01","guid":{"rendered":"https:\/\/futuriodemos.com\/default-demo\/?page_id=31"},"modified":"2025-03-19T19:33:49","modified_gmt":"2025-03-19T18:33:49","slug":"home","status":"publish","type":"page","link":"https:\/\/duosebetso.fr\/","title":{"rendered":"Home"},"content":{"rendered":"\t\t<div data-elementor-type=\"wp-post\" data-elementor-id=\"31\" class=\"elementor elementor-31\">\n\t\t\t\t\t\t<section class=\"elementor-section elementor-top-section elementor-element elementor-element-259d14d elementor-section-height-min-height elementor-section-content-middle elementor-section-items-bottom elementor-section-boxed elementor-section-height-default\" data-id=\"259d14d\" data-element_type=\"section\" data-settings=\"{&quot;background_background&quot;:&quot;classic&quot;}\">\n\t\t\t\t\t\t\t<div class=\"elementor-background-overlay\"><\/div>\n\t\t\t\t\t\t\t<div class=\"elementor-container elementor-column-gap-default\">\n\t\t\t\t\t<div class=\"elementor-column elementor-col-100 elementor-top-column elementor-element elementor-element-9e029ca\" data-id=\"9e029ca\" data-element_type=\"column\">\n\t\t\t<div class=\"elementor-widget-wrap elementor-element-populated\">\n\t\t\t\t\t\t<div class=\"elementor-element elementor-element-0d9999b elementor-widget elementor-widget-image\" data-id=\"0d9999b\" data-element_type=\"widget\" data-widget_type=\"image.default\">\n\t\t\t\t<div class=\"elementor-widget-container\">\n\t\t\t\t\t\t\t\t\t\t\t\t\t\t\t<img fetchpriority=\"high\" decoding=\"async\" width=\"1024\" height=\"448\" src=\"https:\/\/duosebetso.fr\/wp-content\/uploads\/2023\/11\/sebso-blanc-1-1024x448.png\" class=\"attachment-large size-large wp-image-275\" alt=\"\" srcset=\"https:\/\/duosebetso.fr\/wp-content\/uploads\/2023\/11\/sebso-blanc-1-1024x448.png 1024w, https:\/\/duosebetso.fr\/wp-content\/uploads\/2023\/11\/sebso-blanc-1-300x131.png 300w, https:\/\/duosebetso.fr\/wp-content\/uploads\/2023\/11\/sebso-blanc-1-768x336.png 768w, https:\/\/duosebetso.fr\/wp-content\/uploads\/2023\/11\/sebso-blanc-1.png 1407w\" sizes=\"(max-width: 1024px) 100vw, 1024px\" \/>\t\t\t\t\t\t\t\t\t\t\t\t\t\t\t<\/div>\n\t\t\t\t<\/div>\n\t\t\t\t\t<\/div>\n\t\t<\/div>\n\t\t\t\t\t<\/div>\n\t\t<\/section>\n\t\t\t\t<section class=\"elementor-section elementor-top-section elementor-element elementor-element-4d9af22 elementor-section-content-middle elementor-section-boxed elementor-section-height-default elementor-section-height-default\" data-id=\"4d9af22\" data-element_type=\"section\" data-settings=\"{&quot;background_background&quot;:&quot;classic&quot;}\">\n\t\t\t\t\t\t<div class=\"elementor-container elementor-column-gap-no\">\n\t\t\t\t\t<div class=\"elementor-column elementor-col-100 elementor-top-column elementor-element elementor-element-1f0a6d9\" data-id=\"1f0a6d9\" data-element_type=\"column\">\n\t\t\t<div class=\"elementor-widget-wrap elementor-element-populated\">\n\t\t\t\t\t\t<div class=\"elementor-element elementor-element-9c5e114 text-center elementor-widget elementor-widget-advanced-text-block\" data-id=\"9c5e114\" data-element_type=\"widget\" data-widget_type=\"advanced-text-block.default\">\n\t\t\t\t<div class=\"elementor-widget-container\">\n\t\t\t\t\t<div class=\"futurio_extra_adv_text_block animate-general\"  data-animate-type=\"transition.flipXIn\" data-animate-delay=\"50\"><h4 class=\"text-content-block\"><p>Nous \u00e9couter<\/p><\/div><\/h4>\t\t\t\t<\/div>\n\t\t\t\t<\/div>\n\t\t\t\t<section class=\"elementor-section elementor-inner-section elementor-element elementor-element-87ca0a0 elementor-section-boxed elementor-section-height-default elementor-section-height-default\" data-id=\"87ca0a0\" data-element_type=\"section\">\n\t\t\t\t\t\t<div class=\"elementor-container elementor-column-gap-default\">\n\t\t\t\t\t<div class=\"elementor-column elementor-col-25 elementor-inner-column elementor-element elementor-element-1e1f3b7\" data-id=\"1e1f3b7\" data-element_type=\"column\">\n\t\t\t<div class=\"elementor-widget-wrap elementor-element-populated\">\n\t\t\t\t\t\t<div class=\"elementor-element elementor-element-e958cce elementor-view-default elementor-position-top elementor-mobile-position-top elementor-widget elementor-widget-icon-box\" data-id=\"e958cce\" data-element_type=\"widget\" data-widget_type=\"icon-box.default\">\n\t\t\t\t<div class=\"elementor-widget-container\">\n\t\t\t\t\t\t\t<div class=\"elementor-icon-box-wrapper\">\n\n\t\t\t\t\t\t<div class=\"elementor-icon-box-icon\">\n\t\t\t\t<a href=\"https:\/\/www.deezer.com\/fr\/album\/512507971\" class=\"elementor-icon elementor-animation-grow\" tabindex=\"-1\" aria-label=\"DEEZER\">\n\t\t\t\t<svg aria-hidden=\"true\" class=\"e-font-icon-svg e-fab-deezer\" viewBox=\"0 0 576 512\" xmlns=\"http:\/\/www.w3.org\/2000\/svg\"><path d=\"M451.46,244.71H576V172H451.46Zm0-173.89v72.67H576V70.82Zm0,275.06H576V273.2H451.46ZM0,447.09H124.54V374.42H0Zm150.47,0H275V374.42H150.47Zm150.52,0H425.53V374.42H301Zm150.47,0H576V374.42H451.46ZM301,345.88H425.53V273.2H301Zm-150.52,0H275V273.2H150.47Zm0-101.17H275V172H150.47Z\"><\/path><\/svg>\t\t\t\t<\/a>\n\t\t\t<\/div>\n\t\t\t\n\t\t\t\t\t\t<div class=\"elementor-icon-box-content\">\n\n\t\t\t\t\t\t\t\t\t<h3 class=\"elementor-icon-box-title\">\n\t\t\t\t\t\t<a href=\"https:\/\/www.deezer.com\/fr\/album\/512507971\" >\n\t\t\t\t\t\t\tDEEZER\t\t\t\t\t\t<\/a>\n\t\t\t\t\t<\/h3>\n\t\t\t\t\n\t\t\t\t\n\t\t\t<\/div>\n\t\t\t\n\t\t<\/div>\n\t\t\t\t\t\t<\/div>\n\t\t\t\t<\/div>\n\t\t\t\t\t<\/div>\n\t\t<\/div>\n\t\t\t\t<div class=\"elementor-column elementor-col-25 elementor-inner-column elementor-element elementor-element-492cc70\" data-id=\"492cc70\" data-element_type=\"column\">\n\t\t\t<div class=\"elementor-widget-wrap elementor-element-populated\">\n\t\t\t\t\t\t<div class=\"elementor-element elementor-element-8cd22d6 elementor-view-default elementor-position-top elementor-mobile-position-top elementor-widget elementor-widget-icon-box\" data-id=\"8cd22d6\" data-element_type=\"widget\" data-widget_type=\"icon-box.default\">\n\t\t\t\t<div class=\"elementor-widget-container\">\n\t\t\t\t\t\t\t<div class=\"elementor-icon-box-wrapper\">\n\n\t\t\t\t\t\t<div class=\"elementor-icon-box-icon\">\n\t\t\t\t<a href=\"https:\/\/open.spotify.com\/album\/1hANjME7ejeIM3Y2i7TxBW\" class=\"elementor-icon elementor-animation-grow\" tabindex=\"-1\" aria-label=\"SPOTIFY\">\n\t\t\t\t<svg aria-hidden=\"true\" class=\"e-font-icon-svg e-fab-spotify\" viewBox=\"0 0 496 512\" xmlns=\"http:\/\/www.w3.org\/2000\/svg\"><path d=\"M248 8C111.1 8 0 119.1 0 256s111.1 248 248 248 248-111.1 248-248S384.9 8 248 8zm100.7 364.9c-4.2 0-6.8-1.3-10.7-3.6-62.4-37.6-135-39.2-206.7-24.5-3.9 1-9 2.6-11.9 2.6-9.7 0-15.8-7.7-15.8-15.8 0-10.3 6.1-15.2 13.6-16.8 81.9-18.1 165.6-16.5 237 26.2 6.1 3.9 9.7 7.4 9.7 16.5s-7.1 15.4-15.2 15.4zm26.9-65.6c-5.2 0-8.7-2.3-12.3-4.2-62.5-37-155.7-51.9-238.6-29.4-4.8 1.3-7.4 2.6-11.9 2.6-10.7 0-19.4-8.7-19.4-19.4s5.2-17.8 15.5-20.7c27.8-7.8 56.2-13.6 97.8-13.6 64.9 0 127.6 16.1 177 45.5 8.1 4.8 11.3 11 11.3 19.7-.1 10.8-8.5 19.5-19.4 19.5zm31-76.2c-5.2 0-8.4-1.3-12.9-3.9-71.2-42.5-198.5-52.7-280.9-29.7-3.6 1-8.1 2.6-12.9 2.6-13.2 0-23.3-10.3-23.3-23.6 0-13.6 8.4-21.3 17.4-23.9 35.2-10.3 74.6-15.2 117.5-15.2 73 0 149.5 15.2 205.4 47.8 7.8 4.5 12.9 10.7 12.9 22.6 0 13.6-11 23.3-23.2 23.3z\"><\/path><\/svg>\t\t\t\t<\/a>\n\t\t\t<\/div>\n\t\t\t\n\t\t\t\t\t\t<div class=\"elementor-icon-box-content\">\n\n\t\t\t\t\t\t\t\t\t<h3 class=\"elementor-icon-box-title\">\n\t\t\t\t\t\t<a href=\"https:\/\/open.spotify.com\/album\/1hANjME7ejeIM3Y2i7TxBW\" >\n\t\t\t\t\t\t\tSPOTIFY\t\t\t\t\t\t<\/a>\n\t\t\t\t\t<\/h3>\n\t\t\t\t\n\t\t\t\t\n\t\t\t<\/div>\n\t\t\t\n\t\t<\/div>\n\t\t\t\t\t\t<\/div>\n\t\t\t\t<\/div>\n\t\t\t\t\t<\/div>\n\t\t<\/div>\n\t\t\t\t<div class=\"elementor-column elementor-col-25 elementor-inner-column elementor-element elementor-element-bcb4f91\" data-id=\"bcb4f91\" data-element_type=\"column\">\n\t\t\t<div class=\"elementor-widget-wrap elementor-element-populated\">\n\t\t\t\t\t\t<div class=\"elementor-element elementor-element-f0b4c78 elementor-view-default elementor-position-top elementor-mobile-position-top elementor-widget elementor-widget-icon-box\" data-id=\"f0b4c78\" data-element_type=\"widget\" data-widget_type=\"icon-box.default\">\n\t\t\t\t<div class=\"elementor-widget-container\">\n\t\t\t\t\t\t\t<div class=\"elementor-icon-box-wrapper\">\n\n\t\t\t\t\t\t<div class=\"elementor-icon-box-icon\">\n\t\t\t\t<a href=\"https:\/\/music.youtube.com\/playlist?list=OLAK5uy_k1KSS2E9Y-zOfX8y9td-A38ReR9R89obk\" class=\"elementor-icon elementor-animation-grow\" tabindex=\"-1\" aria-label=\"YOUTUBE MUSIC\">\n\t\t\t\t<svg aria-hidden=\"true\" class=\"e-font-icon-svg e-fab-youtube\" viewBox=\"0 0 576 512\" xmlns=\"http:\/\/www.w3.org\/2000\/svg\"><path d=\"M549.655 124.083c-6.281-23.65-24.787-42.276-48.284-48.597C458.781 64 288 64 288 64S117.22 64 74.629 75.486c-23.497 6.322-42.003 24.947-48.284 48.597-11.412 42.867-11.412 132.305-11.412 132.305s0 89.438 11.412 132.305c6.281 23.65 24.787 41.5 48.284 47.821C117.22 448 288 448 288 448s170.78 0 213.371-11.486c23.497-6.321 42.003-24.171 48.284-47.821 11.412-42.867 11.412-132.305 11.412-132.305s0-89.438-11.412-132.305zm-317.51 213.508V175.185l142.739 81.205-142.739 81.201z\"><\/path><\/svg>\t\t\t\t<\/a>\n\t\t\t<\/div>\n\t\t\t\n\t\t\t\t\t\t<div class=\"elementor-icon-box-content\">\n\n\t\t\t\t\t\t\t\t\t<h3 class=\"elementor-icon-box-title\">\n\t\t\t\t\t\t<a href=\"https:\/\/music.youtube.com\/playlist?list=OLAK5uy_k1KSS2E9Y-zOfX8y9td-A38ReR9R89obk\" >\n\t\t\t\t\t\t\tYOUTUBE MUSIC\t\t\t\t\t\t<\/a>\n\t\t\t\t\t<\/h3>\n\t\t\t\t\n\t\t\t\t\n\t\t\t<\/div>\n\t\t\t\n\t\t<\/div>\n\t\t\t\t\t\t<\/div>\n\t\t\t\t<\/div>\n\t\t\t\t\t<\/div>\n\t\t<\/div>\n\t\t\t\t<div class=\"elementor-column elementor-col-25 elementor-inner-column elementor-element elementor-element-352eb51\" data-id=\"352eb51\" data-element_type=\"column\">\n\t\t\t<div class=\"elementor-widget-wrap elementor-element-populated\">\n\t\t\t\t\t\t<div class=\"elementor-element elementor-element-f57606c elementor-view-default elementor-position-top elementor-mobile-position-top elementor-widget elementor-widget-icon-box\" data-id=\"f57606c\" data-element_type=\"widget\" data-widget_type=\"icon-box.default\">\n\t\t\t\t<div class=\"elementor-widget-container\">\n\t\t\t\t\t\t\t<div class=\"elementor-icon-box-wrapper\">\n\n\t\t\t\t\t\t<div class=\"elementor-icon-box-icon\">\n\t\t\t\t<a href=\"https:\/\/music.apple.com\/fr\/album\/no-4\/1716573731\" class=\"elementor-icon elementor-animation-grow\" tabindex=\"-1\" aria-label=\"APPLE MUSIC\">\n\t\t\t\t<svg aria-hidden=\"true\" class=\"e-font-icon-svg e-fab-apple\" viewBox=\"0 0 384 512\" xmlns=\"http:\/\/www.w3.org\/2000\/svg\"><path d=\"M318.7 268.7c-.2-36.7 16.4-64.4 50-84.8-18.8-26.9-47.2-41.7-84.7-44.6-35.5-2.8-74.3 20.7-88.5 20.7-15 0-49.4-19.7-76.4-19.7C63.3 141.2 4 184.8 4 273.5q0 39.3 14.4 81.2c12.8 36.7 59 126.7 107.2 125.2 25.2-.6 43-17.9 75.8-17.9 31.8 0 48.3 17.9 76.4 17.9 48.6-.7 90.4-82.5 102.6-119.3-65.2-30.7-61.7-90-61.7-91.9zm-56.6-164.2c27.3-32.4 24.8-61.9 24-72.5-24.1 1.4-52 16.4-67.9 34.9-17.5 19.8-27.8 44.3-25.6 71.9 26.1 2 49.9-11.4 69.5-34.3z\"><\/path><\/svg>\t\t\t\t<\/a>\n\t\t\t<\/div>\n\t\t\t\n\t\t\t\t\t\t<div class=\"elementor-icon-box-content\">\n\n\t\t\t\t\t\t\t\t\t<h3 class=\"elementor-icon-box-title\">\n\t\t\t\t\t\t<a href=\"https:\/\/music.apple.com\/fr\/album\/no-4\/1716573731\" >\n\t\t\t\t\t\t\tAPPLE MUSIC\t\t\t\t\t\t<\/a>\n\t\t\t\t\t<\/h3>\n\t\t\t\t\n\t\t\t\t\n\t\t\t<\/div>\n\t\t\t\n\t\t<\/div>\n\t\t\t\t\t\t<\/div>\n\t\t\t\t<\/div>\n\t\t\t\t\t<\/div>\n\t\t<\/div>\n\t\t\t\t\t<\/div>\n\t\t<\/section>\n\t\t\t\t\t<\/div>\n\t\t<\/div>\n\t\t\t\t\t<\/div>\n\t\t<\/section>\n\t\t\t\t<\/div>\n\t\t","protected":false},"excerpt":{"rendered":"<p>Nous \u00e9couter \u00a0 DEEZER \u00a0 SPOTIFY \u00a0 YOUTUBE MUSIC \u00a0 APPLE MUSIC L\u2019\u00c9quilibre Parfait entre Divertissement et S\u00e9curit\u00e9 Sur znaki.fm, nous vous aidons \u00e0 d\u00e9couvrir les casinos en ligne les plus fiables et . Notre portail met l\u2019accent sur les aspects l\u00e9gaux et sociaux des \u00e9tablissements, tout en vous proposant des descriptions d\u00e9taill\u00e9es des jeux&hellip;<\/p>\n","protected":false},"author":1,"featured_media":0,"parent":0,"menu_order":0,"comment_status":"closed","ping_status":"closed","template":"","meta":{"footnotes":""},"class_list":["post-31","page","type-page","status-publish","hentry"],"yoast_head":"<!-- This site is optimized with the Yoast SEO plugin v24.9 - https:\/\/yoast.com\/wordpress\/plugins\/seo\/ -->\n<title>Home - Seb &amp; So<\/title>\n<meta name=\"robots\" content=\"index, follow, max-snippet:-1, max-image-preview:large, max-video-preview:-1\" \/>\n<link rel=\"canonical\" href=\"https:\/\/duosebetso.fr\/\" \/>\n<meta property=\"og:locale\" content=\"fr_FR\" \/>\n<meta property=\"og:type\" content=\"article\" \/>\n<meta property=\"og:title\" content=\"Home - Seb &amp; So\" \/>\n<meta property=\"og:description\" content=\"Nous \u00e9couter \u00a0 DEEZER \u00a0 SPOTIFY \u00a0 YOUTUBE MUSIC \u00a0 APPLE MUSIC L\u2019\u00c9quilibre Parfait entre Divertissement et S\u00e9curit\u00e9 Sur znaki.fm, nous vous aidons \u00e0 d\u00e9couvrir les casinos en ligne les plus fiables et . Notre portail met l\u2019accent sur les aspects l\u00e9gaux et sociaux des \u00e9tablissements, tout en vous proposant des descriptions d\u00e9taill\u00e9es des jeux&hellip;\" \/>\n<meta property=\"og:url\" content=\"https:\/\/duosebetso.fr\/\" \/>\n<meta property=\"og:site_name\" content=\"Seb &amp; So\" \/>\n<meta property=\"article:publisher\" content=\"https:\/\/www.facebook.com\/people\/Sebso\/100064023331351\/\" \/>\n<meta property=\"article:modified_time\" content=\"2025-03-19T18:33:49+00:00\" \/>\n<meta property=\"og:image\" content=\"http:\/\/duosebetso.fr\/wp-content\/uploads\/2023\/11\/sebso-blanc-1-1024x448.png\" \/>\n<meta name=\"twitter:card\" content=\"summary_large_image\" \/>\n<meta name=\"twitter:label1\" content=\"Dur\u00e9e de lecture estim\u00e9e\" \/>\n\t<meta name=\"twitter:data1\" content=\"1 minute\" \/>\n<script type=\"application\/ld+json\" class=\"yoast-schema-graph\">{\"@context\":\"https:\/\/schema.org\",\"@graph\":[{\"@type\":\"WebPage\",\"@id\":\"https:\/\/duosebetso.fr\/\",\"url\":\"https:\/\/duosebetso.fr\/\",\"name\":\"Home - Seb &amp; So\",\"isPartOf\":{\"@id\":\"https:\/\/duosebetso.fr\/#website\"},\"primaryImageOfPage\":{\"@id\":\"https:\/\/duosebetso.fr\/#primaryimage\"},\"image\":{\"@id\":\"https:\/\/duosebetso.fr\/#primaryimage\"},\"thumbnailUrl\":\"http:\/\/duosebetso.fr\/wp-content\/uploads\/2023\/11\/sebso-blanc-1-1024x448.png\",\"datePublished\":\"2018-10-23T08:04:01+00:00\",\"dateModified\":\"2025-03-19T18:33:49+00:00\",\"breadcrumb\":{\"@id\":\"https:\/\/duosebetso.fr\/#breadcrumb\"},\"inLanguage\":\"fr-FR\",\"potentialAction\":[{\"@type\":\"ReadAction\",\"target\":[\"https:\/\/duosebetso.fr\/\"]}]},{\"@type\":\"ImageObject\",\"inLanguage\":\"fr-FR\",\"@id\":\"https:\/\/duosebetso.fr\/#primaryimage\",\"url\":\"https:\/\/duosebetso.fr\/wp-content\/uploads\/2023\/11\/sebso-blanc-1.png\",\"contentUrl\":\"https:\/\/duosebetso.fr\/wp-content\/uploads\/2023\/11\/sebso-blanc-1.png\",\"width\":1407,\"height\":616},{\"@type\":\"BreadcrumbList\",\"@id\":\"https:\/\/duosebetso.fr\/#breadcrumb\",\"itemListElement\":[{\"@type\":\"ListItem\",\"position\":1,\"name\":\"Accueil\",\"item\":\"https:\/\/duosebetso.fr\/\"},{\"@type\":\"ListItem\",\"position\":2,\"name\":\"Home\"}]},{\"@type\":\"WebSite\",\"@id\":\"https:\/\/duosebetso.fr\/#website\",\"url\":\"https:\/\/duosebetso.fr\/\",\"name\":\"Seb & So\",\"description\":\"\",\"publisher\":{\"@id\":\"https:\/\/duosebetso.fr\/#organization\"},\"potentialAction\":[{\"@type\":\"SearchAction\",\"target\":{\"@type\":\"EntryPoint\",\"urlTemplate\":\"https:\/\/duosebetso.fr\/?s={search_term_string}\"},\"query-input\":{\"@type\":\"PropertyValueSpecification\",\"valueRequired\":true,\"valueName\":\"search_term_string\"}}],\"inLanguage\":\"fr-FR\"},{\"@type\":\"Organization\",\"@id\":\"https:\/\/duosebetso.fr\/#organization\",\"name\":\"Seb & So\",\"url\":\"https:\/\/duosebetso.fr\/\",\"logo\":{\"@type\":\"ImageObject\",\"inLanguage\":\"fr-FR\",\"@id\":\"https:\/\/duosebetso.fr\/#\/schema\/logo\/image\/\",\"url\":\"https:\/\/duosebetso.fr\/wp-content\/uploads\/2023\/11\/sebso1.png\",\"contentUrl\":\"https:\/\/duosebetso.fr\/wp-content\/uploads\/2023\/11\/sebso1.png\",\"width\":1407,\"height\":616,\"caption\":\"Seb & So\"},\"image\":{\"@id\":\"https:\/\/duosebetso.fr\/#\/schema\/logo\/image\/\"},\"sameAs\":[\"https:\/\/www.facebook.com\/people\/Sebso\/100064023331351\/\"]}]}<\/script>\n<!-- \/ Yoast SEO plugin. -->","yoast_head_json":{"title":"Home - Seb &amp; So","robots":{"index":"index","follow":"follow","max-snippet":"max-snippet:-1","max-image-preview":"max-image-preview:large","max-video-preview":"max-video-preview:-1"},"canonical":"https:\/\/duosebetso.fr\/","og_locale":"fr_FR","og_type":"article","og_title":"Home - Seb &amp; So","og_description":"Nous \u00e9couter \u00a0 DEEZER \u00a0 SPOTIFY \u00a0 YOUTUBE MUSIC \u00a0 APPLE MUSIC L\u2019\u00c9quilibre Parfait entre Divertissement et S\u00e9curit\u00e9 Sur znaki.fm, nous vous aidons \u00e0 d\u00e9couvrir les casinos en ligne les plus fiables et . Notre portail met l\u2019accent sur les aspects l\u00e9gaux et sociaux des \u00e9tablissements, tout en vous proposant des descriptions d\u00e9taill\u00e9es des jeux&hellip;","og_url":"https:\/\/duosebetso.fr\/","og_site_name":"Seb &amp; So","article_publisher":"https:\/\/www.facebook.com\/people\/Sebso\/100064023331351\/","article_modified_time":"2025-03-19T18:33:49+00:00","og_image":[{"url":"http:\/\/duosebetso.fr\/wp-content\/uploads\/2023\/11\/sebso-blanc-1-1024x448.png","type":"","width":"","height":""}],"twitter_card":"summary_large_image","twitter_misc":{"Dur\u00e9e de lecture estim\u00e9e":"1 minute"},"schema":{"@context":"https:\/\/schema.org","@graph":[{"@type":"WebPage","@id":"https:\/\/duosebetso.fr\/","url":"https:\/\/duosebetso.fr\/","name":"Home - Seb &amp; So","isPartOf":{"@id":"https:\/\/duosebetso.fr\/#website"},"primaryImageOfPage":{"@id":"https:\/\/duosebetso.fr\/#primaryimage"},"image":{"@id":"https:\/\/duosebetso.fr\/#primaryimage"},"thumbnailUrl":"http:\/\/duosebetso.fr\/wp-content\/uploads\/2023\/11\/sebso-blanc-1-1024x448.png","datePublished":"2018-10-23T08:04:01+00:00","dateModified":"2025-03-19T18:33:49+00:00","breadcrumb":{"@id":"https:\/\/duosebetso.fr\/#breadcrumb"},"inLanguage":"fr-FR","potentialAction":[{"@type":"ReadAction","target":["https:\/\/duosebetso.fr\/"]}]},{"@type":"ImageObject","inLanguage":"fr-FR","@id":"https:\/\/duosebetso.fr\/#primaryimage","url":"https:\/\/duosebetso.fr\/wp-content\/uploads\/2023\/11\/sebso-blanc-1.png","contentUrl":"https:\/\/duosebetso.fr\/wp-content\/uploads\/2023\/11\/sebso-blanc-1.png","width":1407,"height":616},{"@type":"BreadcrumbList","@id":"https:\/\/duosebetso.fr\/#breadcrumb","itemListElement":[{"@type":"ListItem","position":1,"name":"Accueil","item":"https:\/\/duosebetso.fr\/"},{"@type":"ListItem","position":2,"name":"Home"}]},{"@type":"WebSite","@id":"https:\/\/duosebetso.fr\/#website","url":"https:\/\/duosebetso.fr\/","name":"Seb & So","description":"","publisher":{"@id":"https:\/\/duosebetso.fr\/#organization"},"potentialAction":[{"@type":"SearchAction","target":{"@type":"EntryPoint","urlTemplate":"https:\/\/duosebetso.fr\/?s={search_term_string}"},"query-input":{"@type":"PropertyValueSpecification","valueRequired":true,"valueName":"search_term_string"}}],"inLanguage":"fr-FR"},{"@type":"Organization","@id":"https:\/\/duosebetso.fr\/#organization","name":"Seb & So","url":"https:\/\/duosebetso.fr\/","logo":{"@type":"ImageObject","inLanguage":"fr-FR","@id":"https:\/\/duosebetso.fr\/#\/schema\/logo\/image\/","url":"https:\/\/duosebetso.fr\/wp-content\/uploads\/2023\/11\/sebso1.png","contentUrl":"https:\/\/duosebetso.fr\/wp-content\/uploads\/2023\/11\/sebso1.png","width":1407,"height":616,"caption":"Seb & So"},"image":{"@id":"https:\/\/duosebetso.fr\/#\/schema\/logo\/image\/"},"sameAs":["https:\/\/www.facebook.com\/people\/Sebso\/100064023331351\/"]}]}},"_links":{"self":[{"href":"https:\/\/duosebetso.fr\/index.php?rest_route=\/wp\/v2\/pages\/31","targetHints":{"allow":["GET"]}}],"collection":[{"href":"https:\/\/duosebetso.fr\/index.php?rest_route=\/wp\/v2\/pages"}],"about":[{"href":"https:\/\/duosebetso.fr\/index.php?rest_route=\/wp\/v2\/types\/page"}],"author":[{"embeddable":true,"href":"https:\/\/duosebetso.fr\/index.php?rest_route=\/wp\/v2\/users\/1"}],"replies":[{"embeddable":true,"href":"https:\/\/duosebetso.fr\/index.php?rest_route=%2Fwp%2Fv2%2Fcomments&post=31"}],"version-history":[{"count":25,"href":"https:\/\/duosebetso.fr\/index.php?rest_route=\/wp\/v2\/pages\/31\/revisions"}],"predecessor-version":[{"id":1678,"href":"https:\/\/duosebetso.fr\/index.php?rest_route=\/wp\/v2\/pages\/31\/revisions\/1678"}],"wp:attachment":[{"href":"https:\/\/duosebetso.fr\/index.php?rest_route=%2Fwp%2Fv2%2Fmedia&parent=31"}],"curies":[{"name":"wp","href":"https:\/\/api.w.org\/{rel}","templated":true}]}}