{"id":307,"date":"2023-11-20T16:09:27","date_gmt":"2023-11-20T15:09:27","guid":{"rendered":"https:\/\/duosebetso.fr\/?page_id=307"},"modified":"2023-11-22T22:04:53","modified_gmt":"2023-11-22T21:04:53","slug":"presentation","status":"publish","type":"page","link":"https:\/\/duosebetso.fr\/?page_id=307","title":{"rendered":"Pr\u00e9sentation"},"content":{"rendered":"\t\t<div data-elementor-type=\"wp-page\" data-elementor-id=\"307\" class=\"elementor elementor-307\">\n\t\t\t\t<div class=\"elementor-element elementor-element-b5def08 e-flex e-con-boxed e-con e-parent\" data-id=\"b5def08\" data-element_type=\"container\">\n\t\t\t\t\t<div class=\"e-con-inner\">\n\t\t\t\t<div class=\"elementor-element elementor-element-85e1fe3 elementor-widget elementor-widget-image\" data-id=\"85e1fe3\" data-element_type=\"widget\" data-widget_type=\"image.default\">\n\t\t\t\t<div class=\"elementor-widget-container\">\n\t\t\t\t\t\t\t\t\t\t\t\t\t\t\t<img fetchpriority=\"high\" decoding=\"async\" width=\"224\" height=\"300\" src=\"https:\/\/duosebetso.fr\/wp-content\/uploads\/2023\/11\/279372265_10226987451893199_4919630418075042472_n-224x300.jpg\" class=\"attachment-medium size-medium wp-image-315\" alt=\"\" srcset=\"https:\/\/duosebetso.fr\/wp-content\/uploads\/2023\/11\/279372265_10226987451893199_4919630418075042472_n-224x300.jpg 224w, https:\/\/duosebetso.fr\/wp-content\/uploads\/2023\/11\/279372265_10226987451893199_4919630418075042472_n-764x1024.jpg 764w, https:\/\/duosebetso.fr\/wp-content\/uploads\/2023\/11\/279372265_10226987451893199_4919630418075042472_n-768x1029.jpg 768w, https:\/\/duosebetso.fr\/wp-content\/uploads\/2023\/11\/279372265_10226987451893199_4919630418075042472_n-1146x1536.jpg 1146w, https:\/\/duosebetso.fr\/wp-content\/uploads\/2023\/11\/279372265_10226987451893199_4919630418075042472_n.jpg 1496w\" sizes=\"(max-width: 224px) 100vw, 224px\" \/>\t\t\t\t\t\t\t\t\t\t\t\t\t\t\t<\/div>\n\t\t\t\t<\/div>\n\t\t\t\t<div class=\"elementor-element elementor-element-1113ac9 elementor-widget elementor-widget-text-editor\" data-id=\"1113ac9\" data-element_type=\"widget\" data-widget_type=\"text-editor.default\">\n\t\t\t\t<div class=\"elementor-widget-container\">\n\t\t\t\t\t\t\t\t\t<p>Elle, c&rsquo;est So : elle chante et joue du m\u00e9lodion, du clavier et des petites percussions.<\/p>\t\t\t\t\t\t\t\t<\/div>\n\t\t\t\t<\/div>\n\t\t\t\t\t<\/div>\n\t\t\t\t<\/div>\n\t\t<div class=\"elementor-element elementor-element-8177461 e-flex e-con-boxed e-con e-parent\" data-id=\"8177461\" data-element_type=\"container\">\n\t\t\t\t\t<div class=\"e-con-inner\">\n\t\t\t\t<div class=\"elementor-element elementor-element-48903ca elementor-widget elementor-widget-image\" data-id=\"48903ca\" data-element_type=\"widget\" data-widget_type=\"image.default\">\n\t\t\t\t<div class=\"elementor-widget-container\">\n\t\t\t\t\t\t\t\t\t\t\t\t\t\t\t<img decoding=\"async\" width=\"200\" height=\"300\" src=\"https:\/\/duosebetso.fr\/wp-content\/uploads\/2023\/11\/279635578_10226987452413212_2454962444882099104_n-200x300.jpg\" class=\"attachment-medium size-medium wp-image-316\" alt=\"\" srcset=\"https:\/\/duosebetso.fr\/wp-content\/uploads\/2023\/11\/279635578_10226987452413212_2454962444882099104_n-200x300.jpg 200w, https:\/\/duosebetso.fr\/wp-content\/uploads\/2023\/11\/279635578_10226987452413212_2454962444882099104_n-683x1024.jpg 683w, https:\/\/duosebetso.fr\/wp-content\/uploads\/2023\/11\/279635578_10226987452413212_2454962444882099104_n-768x1152.jpg 768w, https:\/\/duosebetso.fr\/wp-content\/uploads\/2023\/11\/279635578_10226987452413212_2454962444882099104_n-1024x1536.jpg 1024w, https:\/\/duosebetso.fr\/wp-content\/uploads\/2023\/11\/279635578_10226987452413212_2454962444882099104_n.jpg 1365w\" sizes=\"(max-width: 200px) 100vw, 200px\" \/>\t\t\t\t\t\t\t\t\t\t\t\t\t\t\t<\/div>\n\t\t\t\t<\/div>\n\t\t\t\t<div class=\"elementor-element elementor-element-7b6f956 elementor-widget elementor-widget-text-editor\" data-id=\"7b6f956\" data-element_type=\"widget\" data-widget_type=\"text-editor.default\">\n\t\t\t\t<div class=\"elementor-widget-container\">\n\t\t\t\t\t\t\t\t\t<p>Lui, c&rsquo;est Seb : il chante et joue de la guitare, du piano et des petites percussions.<\/p>\t\t\t\t\t\t\t\t<\/div>\n\t\t\t\t<\/div>\n\t\t\t\t\t<\/div>\n\t\t\t\t<\/div>\n\t\t<div class=\"elementor-element elementor-element-d4400c8 e-flex e-con-boxed e-con e-parent\" data-id=\"d4400c8\" data-element_type=\"container\">\n\t\t\t\t\t<div class=\"e-con-inner\">\n\t\t\t\t<div class=\"elementor-element elementor-element-7635a08 elementor-widget elementor-widget-image\" data-id=\"7635a08\" data-element_type=\"widget\" data-widget_type=\"image.default\">\n\t\t\t\t<div class=\"elementor-widget-container\">\n\t\t\t\t\t\t\t\t\t\t\t\t\t\t\t<img decoding=\"async\" width=\"768\" height=\"512\" src=\"https:\/\/duosebetso.fr\/wp-content\/uploads\/2023\/11\/279703677_10226987455813297_4359598909471546285_n-768x512.jpg\" class=\"attachment-medium_large size-medium_large wp-image-317\" alt=\"\" srcset=\"https:\/\/duosebetso.fr\/wp-content\/uploads\/2023\/11\/279703677_10226987455813297_4359598909471546285_n-768x512.jpg 768w, https:\/\/duosebetso.fr\/wp-content\/uploads\/2023\/11\/279703677_10226987455813297_4359598909471546285_n-300x200.jpg 300w, https:\/\/duosebetso.fr\/wp-content\/uploads\/2023\/11\/279703677_10226987455813297_4359598909471546285_n-1024x683.jpg 1024w, https:\/\/duosebetso.fr\/wp-content\/uploads\/2023\/11\/279703677_10226987455813297_4359598909471546285_n-1536x1024.jpg 1536w, https:\/\/duosebetso.fr\/wp-content\/uploads\/2023\/11\/279703677_10226987455813297_4359598909471546285_n.jpg 2048w\" sizes=\"(max-width: 768px) 100vw, 768px\" \/>\t\t\t\t\t\t\t\t\t\t\t\t\t\t\t<\/div>\n\t\t\t\t<\/div>\n\t\t\t\t<div class=\"elementor-element elementor-element-decbd8f elementor-widget elementor-widget-text-editor\" data-id=\"decbd8f\" data-element_type=\"widget\" data-widget_type=\"text-editor.default\">\n\t\t\t\t<div class=\"elementor-widget-container\">\n\t\t\t\t\t\t\t\t\t<p>LE DUO : Originaire d&rsquo;Auxi-le-Ch\u00e2teau dans le Pas-de-Calais, passionn\u00e9 par la chanson fran\u00e7aise \u00e0 texte et de qualit\u00e9, le duo Seb&amp;So interpr\u00e8te ses propres chansons, mais aussi r\u00e9arrange ou revisite les standards de la chanson fran\u00e7aise et principalement l&rsquo;oeuvre de Georges Brassens (exposition originale \u00ab\u00a0Elle est \u00e0 toi cette citation\u00a0\u00bb accompagn\u00e9e du concert \u00ab\u00a0hommage Brassens\u00a0\u00bb).<\/p>\t\t\t\t\t\t\t\t<\/div>\n\t\t\t\t<\/div>\n\t\t\t\t\t<\/div>\n\t\t\t\t<\/div>\n\t\t<div class=\"elementor-element elementor-element-07f2a4e e-flex e-con-boxed e-con e-parent\" data-id=\"07f2a4e\" data-element_type=\"container\">\n\t\t\t\t\t<div class=\"e-con-inner\">\n\t\t\t\t<div class=\"elementor-element elementor-element-58d9901 elementor-widget elementor-widget-image\" data-id=\"58d9901\" data-element_type=\"widget\" data-widget_type=\"image.default\">\n\t\t\t\t<div class=\"elementor-widget-container\">\n\t\t\t\t\t\t\t\t\t\t\t\t\t\t\t<img loading=\"lazy\" decoding=\"async\" width=\"768\" height=\"1024\" src=\"https:\/\/duosebetso.fr\/wp-content\/uploads\/2023\/11\/20622948_1636116243089579_769675894_o-768x1024.jpg\" class=\"attachment-medium_large size-medium_large wp-image-318\" alt=\"\" srcset=\"https:\/\/duosebetso.fr\/wp-content\/uploads\/2023\/11\/20622948_1636116243089579_769675894_o-768x1024.jpg 768w, https:\/\/duosebetso.fr\/wp-content\/uploads\/2023\/11\/20622948_1636116243089579_769675894_o-225x300.jpg 225w, https:\/\/duosebetso.fr\/wp-content\/uploads\/2023\/11\/20622948_1636116243089579_769675894_o.jpg 1080w\" sizes=\"(max-width: 768px) 100vw, 768px\" \/>\t\t\t\t\t\t\t\t\t\t\t\t\t\t\t<\/div>\n\t\t\t\t<\/div>\n\t\t\t\t<div class=\"elementor-element elementor-element-926c399 elementor-widget elementor-widget-text-editor\" data-id=\"926c399\" data-element_type=\"widget\" data-widget_type=\"text-editor.default\">\n\t\t\t\t<div class=\"elementor-widget-container\">\n\t\t\t\t\t\t\t\t\t<p>Auteur-compositeur membre de la SACEM, diplom\u00e9 d&rsquo;une ma\u00eetrise de musicologie, le duo propose ses chansons minutieusement soign\u00e9es, color\u00e9es de nostalgie, de po\u00e9sie et d&rsquo;humour ou bien encore de r\u00e9alisme, laissant toujours entrouverte la porte de la r\u00e9flexion.<\/p>\t\t\t\t\t\t\t\t<\/div>\n\t\t\t\t<\/div>\n\t\t\t\t\t<\/div>\n\t\t\t\t<\/div>\n\t\t<div class=\"elementor-element elementor-element-0f90e3f e-flex e-con-boxed e-con e-parent\" data-id=\"0f90e3f\" data-element_type=\"container\">\n\t\t\t\t\t<div class=\"e-con-inner\">\n\t\t\t\t<div class=\"elementor-element elementor-element-d3954b5 elementor-widget elementor-widget-image\" data-id=\"d3954b5\" data-element_type=\"widget\" data-widget_type=\"image.default\">\n\t\t\t\t<div class=\"elementor-widget-container\">\n\t\t\t\t\t\t\t\t\t\t\t\t\t\t\t<img loading=\"lazy\" decoding=\"async\" width=\"246\" height=\"300\" src=\"https:\/\/duosebetso.fr\/wp-content\/uploads\/2023\/11\/oscar1-246x300.jpg\" class=\"attachment-medium size-medium wp-image-319\" alt=\"\" srcset=\"https:\/\/duosebetso.fr\/wp-content\/uploads\/2023\/11\/oscar1-246x300.jpg 246w, https:\/\/duosebetso.fr\/wp-content\/uploads\/2023\/11\/oscar1-838x1024.jpg 838w, https:\/\/duosebetso.fr\/wp-content\/uploads\/2023\/11\/oscar1-768x938.jpg 768w, https:\/\/duosebetso.fr\/wp-content\/uploads\/2023\/11\/oscar1.jpg 919w\" sizes=\"(max-width: 246px) 100vw, 246px\" \/>\t\t\t\t\t\t\t\t\t\t\t\t\t\t\t<\/div>\n\t\t\t\t<\/div>\n\t\t\t\t<div class=\"elementor-element elementor-element-a0eeddc elementor-widget elementor-widget-text-editor\" data-id=\"a0eeddc\" data-element_type=\"widget\" data-widget_type=\"text-editor.default\">\n\t\t\t\t<div class=\"elementor-widget-container\">\n\t\t\t\t\t\t\t\t\t<p>Et pour finir, le seul et l&rsquo;unique Oscar !<\/p>\t\t\t\t\t\t\t\t<\/div>\n\t\t\t\t<\/div>\n\t\t\t\t\t<\/div>\n\t\t\t\t<\/div>\n\t\t\t\t<\/div>\n\t\t","protected":false},"excerpt":{"rendered":"<p>Elle, c&rsquo;est So : elle chante et joue du m\u00e9lodion, du clavier et des petites percussions. Lui, c&rsquo;est Seb : il chante et joue de la guitare, du piano et des petites percussions. LE DUO : Originaire d&rsquo;Auxi-le-Ch\u00e2teau dans le Pas-de-Calais, passionn\u00e9 par la chanson fran\u00e7aise \u00e0 texte et de qualit\u00e9, le duo Seb&amp;So interpr\u00e8te&hellip;<\/p>\n","protected":false},"author":1,"featured_media":0,"parent":0,"menu_order":0,"comment_status":"closed","ping_status":"closed","template":"","meta":{"footnotes":""},"class_list":["post-307","page","type-page","status-publish","hentry"],"yoast_head":"<!-- This site is optimized with the Yoast SEO plugin v24.9 - https:\/\/yoast.com\/wordpress\/plugins\/seo\/ -->\n<title>Pr\u00e9sentation - Seb &amp; So<\/title>\n<meta name=\"robots\" content=\"index, follow, max-snippet:-1, max-image-preview:large, max-video-preview:-1\" \/>\n<link rel=\"canonical\" href=\"https:\/\/duosebetso.fr\/?page_id=307\" \/>\n<meta property=\"og:locale\" content=\"fr_FR\" \/>\n<meta property=\"og:type\" content=\"article\" \/>\n<meta property=\"og:title\" content=\"Pr\u00e9sentation - Seb &amp; So\" \/>\n<meta property=\"og:description\" content=\"Elle, c&rsquo;est So : elle chante et joue du m\u00e9lodion, du clavier et des petites percussions. Lui, c&rsquo;est Seb : il chante et joue de la guitare, du piano et des petites percussions. LE DUO : Originaire d&rsquo;Auxi-le-Ch\u00e2teau dans le Pas-de-Calais, passionn\u00e9 par la chanson fran\u00e7aise \u00e0 texte et de qualit\u00e9, le duo Seb&amp;So interpr\u00e8te&hellip;\" \/>\n<meta property=\"og:url\" content=\"https:\/\/duosebetso.fr\/?page_id=307\" \/>\n<meta property=\"og:site_name\" content=\"Seb &amp; So\" \/>\n<meta property=\"article:publisher\" content=\"https:\/\/www.facebook.com\/people\/Sebso\/100064023331351\/\" \/>\n<meta property=\"article:modified_time\" content=\"2023-11-22T21:04:53+00:00\" \/>\n<meta property=\"og:image\" content=\"http:\/\/duosebetso.fr\/wp-content\/uploads\/2023\/11\/279372265_10226987451893199_4919630418075042472_n-224x300.jpg\" \/>\n<meta name=\"twitter:card\" content=\"summary_large_image\" \/>\n<meta name=\"twitter:label1\" content=\"Dur\u00e9e de lecture estim\u00e9e\" \/>\n\t<meta name=\"twitter:data1\" content=\"1 minute\" \/>\n<script type=\"application\/ld+json\" class=\"yoast-schema-graph\">{\"@context\":\"https:\/\/schema.org\",\"@graph\":[{\"@type\":\"WebPage\",\"@id\":\"https:\/\/duosebetso.fr\/?page_id=307\",\"url\":\"https:\/\/duosebetso.fr\/?page_id=307\",\"name\":\"Pr\u00e9sentation - Seb &amp; So\",\"isPartOf\":{\"@id\":\"https:\/\/duosebetso.fr\/#website\"},\"primaryImageOfPage\":{\"@id\":\"https:\/\/duosebetso.fr\/?page_id=307#primaryimage\"},\"image\":{\"@id\":\"https:\/\/duosebetso.fr\/?page_id=307#primaryimage\"},\"thumbnailUrl\":\"http:\/\/duosebetso.fr\/wp-content\/uploads\/2023\/11\/279372265_10226987451893199_4919630418075042472_n-224x300.jpg\",\"datePublished\":\"2023-11-20T15:09:27+00:00\",\"dateModified\":\"2023-11-22T21:04:53+00:00\",\"breadcrumb\":{\"@id\":\"https:\/\/duosebetso.fr\/?page_id=307#breadcrumb\"},\"inLanguage\":\"fr-FR\",\"potentialAction\":[{\"@type\":\"ReadAction\",\"target\":[\"https:\/\/duosebetso.fr\/?page_id=307\"]}]},{\"@type\":\"ImageObject\",\"inLanguage\":\"fr-FR\",\"@id\":\"https:\/\/duosebetso.fr\/?page_id=307#primaryimage\",\"url\":\"https:\/\/duosebetso.fr\/wp-content\/uploads\/2023\/11\/279372265_10226987451893199_4919630418075042472_n.jpg\",\"contentUrl\":\"https:\/\/duosebetso.fr\/wp-content\/uploads\/2023\/11\/279372265_10226987451893199_4919630418075042472_n.jpg\",\"width\":1496,\"height\":2005},{\"@type\":\"BreadcrumbList\",\"@id\":\"https:\/\/duosebetso.fr\/?page_id=307#breadcrumb\",\"itemListElement\":[{\"@type\":\"ListItem\",\"position\":1,\"name\":\"Accueil\",\"item\":\"https:\/\/duosebetso.fr\/\"},{\"@type\":\"ListItem\",\"position\":2,\"name\":\"Pr\u00e9sentation\"}]},{\"@type\":\"WebSite\",\"@id\":\"https:\/\/duosebetso.fr\/#website\",\"url\":\"https:\/\/duosebetso.fr\/\",\"name\":\"Seb & So\",\"description\":\"\",\"publisher\":{\"@id\":\"https:\/\/duosebetso.fr\/#organization\"},\"potentialAction\":[{\"@type\":\"SearchAction\",\"target\":{\"@type\":\"EntryPoint\",\"urlTemplate\":\"https:\/\/duosebetso.fr\/?s={search_term_string}\"},\"query-input\":{\"@type\":\"PropertyValueSpecification\",\"valueRequired\":true,\"valueName\":\"search_term_string\"}}],\"inLanguage\":\"fr-FR\"},{\"@type\":\"Organization\",\"@id\":\"https:\/\/duosebetso.fr\/#organization\",\"name\":\"Seb & So\",\"url\":\"https:\/\/duosebetso.fr\/\",\"logo\":{\"@type\":\"ImageObject\",\"inLanguage\":\"fr-FR\",\"@id\":\"https:\/\/duosebetso.fr\/#\/schema\/logo\/image\/\",\"url\":\"https:\/\/duosebetso.fr\/wp-content\/uploads\/2023\/11\/sebso1.png\",\"contentUrl\":\"https:\/\/duosebetso.fr\/wp-content\/uploads\/2023\/11\/sebso1.png\",\"width\":1407,\"height\":616,\"caption\":\"Seb & So\"},\"image\":{\"@id\":\"https:\/\/duosebetso.fr\/#\/schema\/logo\/image\/\"},\"sameAs\":[\"https:\/\/www.facebook.com\/people\/Sebso\/100064023331351\/\"]}]}<\/script>\n<!-- \/ Yoast SEO plugin. -->","yoast_head_json":{"title":"Pr\u00e9sentation - Seb &amp; So","robots":{"index":"index","follow":"follow","max-snippet":"max-snippet:-1","max-image-preview":"max-image-preview:large","max-video-preview":"max-video-preview:-1"},"canonical":"https:\/\/duosebetso.fr\/?page_id=307","og_locale":"fr_FR","og_type":"article","og_title":"Pr\u00e9sentation - Seb &amp; So","og_description":"Elle, c&rsquo;est So : elle chante et joue du m\u00e9lodion, du clavier et des petites percussions. Lui, c&rsquo;est Seb : il chante et joue de la guitare, du piano et des petites percussions. LE DUO : Originaire d&rsquo;Auxi-le-Ch\u00e2teau dans le Pas-de-Calais, passionn\u00e9 par la chanson fran\u00e7aise \u00e0 texte et de qualit\u00e9, le duo Seb&amp;So interpr\u00e8te&hellip;","og_url":"https:\/\/duosebetso.fr\/?page_id=307","og_site_name":"Seb &amp; So","article_publisher":"https:\/\/www.facebook.com\/people\/Sebso\/100064023331351\/","article_modified_time":"2023-11-22T21:04:53+00:00","og_image":[{"url":"http:\/\/duosebetso.fr\/wp-content\/uploads\/2023\/11\/279372265_10226987451893199_4919630418075042472_n-224x300.jpg","type":"","width":"","height":""}],"twitter_card":"summary_large_image","twitter_misc":{"Dur\u00e9e de lecture estim\u00e9e":"1 minute"},"schema":{"@context":"https:\/\/schema.org","@graph":[{"@type":"WebPage","@id":"https:\/\/duosebetso.fr\/?page_id=307","url":"https:\/\/duosebetso.fr\/?page_id=307","name":"Pr\u00e9sentation - Seb &amp; So","isPartOf":{"@id":"https:\/\/duosebetso.fr\/#website"},"primaryImageOfPage":{"@id":"https:\/\/duosebetso.fr\/?page_id=307#primaryimage"},"image":{"@id":"https:\/\/duosebetso.fr\/?page_id=307#primaryimage"},"thumbnailUrl":"http:\/\/duosebetso.fr\/wp-content\/uploads\/2023\/11\/279372265_10226987451893199_4919630418075042472_n-224x300.jpg","datePublished":"2023-11-20T15:09:27+00:00","dateModified":"2023-11-22T21:04:53+00:00","breadcrumb":{"@id":"https:\/\/duosebetso.fr\/?page_id=307#breadcrumb"},"inLanguage":"fr-FR","potentialAction":[{"@type":"ReadAction","target":["https:\/\/duosebetso.fr\/?page_id=307"]}]},{"@type":"ImageObject","inLanguage":"fr-FR","@id":"https:\/\/duosebetso.fr\/?page_id=307#primaryimage","url":"https:\/\/duosebetso.fr\/wp-content\/uploads\/2023\/11\/279372265_10226987451893199_4919630418075042472_n.jpg","contentUrl":"https:\/\/duosebetso.fr\/wp-content\/uploads\/2023\/11\/279372265_10226987451893199_4919630418075042472_n.jpg","width":1496,"height":2005},{"@type":"BreadcrumbList","@id":"https:\/\/duosebetso.fr\/?page_id=307#breadcrumb","itemListElement":[{"@type":"ListItem","position":1,"name":"Accueil","item":"https:\/\/duosebetso.fr\/"},{"@type":"ListItem","position":2,"name":"Pr\u00e9sentation"}]},{"@type":"WebSite","@id":"https:\/\/duosebetso.fr\/#website","url":"https:\/\/duosebetso.fr\/","name":"Seb & So","description":"","publisher":{"@id":"https:\/\/duosebetso.fr\/#organization"},"potentialAction":[{"@type":"SearchAction","target":{"@type":"EntryPoint","urlTemplate":"https:\/\/duosebetso.fr\/?s={search_term_string}"},"query-input":{"@type":"PropertyValueSpecification","valueRequired":true,"valueName":"search_term_string"}}],"inLanguage":"fr-FR"},{"@type":"Organization","@id":"https:\/\/duosebetso.fr\/#organization","name":"Seb & So","url":"https:\/\/duosebetso.fr\/","logo":{"@type":"ImageObject","inLanguage":"fr-FR","@id":"https:\/\/duosebetso.fr\/#\/schema\/logo\/image\/","url":"https:\/\/duosebetso.fr\/wp-content\/uploads\/2023\/11\/sebso1.png","contentUrl":"https:\/\/duosebetso.fr\/wp-content\/uploads\/2023\/11\/sebso1.png","width":1407,"height":616,"caption":"Seb & So"},"image":{"@id":"https:\/\/duosebetso.fr\/#\/schema\/logo\/image\/"},"sameAs":["https:\/\/www.facebook.com\/people\/Sebso\/100064023331351\/"]}]}},"_links":{"self":[{"href":"https:\/\/duosebetso.fr\/index.php?rest_route=\/wp\/v2\/pages\/307","targetHints":{"allow":["GET"]}}],"collection":[{"href":"https:\/\/duosebetso.fr\/index.php?rest_route=\/wp\/v2\/pages"}],"about":[{"href":"https:\/\/duosebetso.fr\/index.php?rest_route=\/wp\/v2\/types\/page"}],"author":[{"embeddable":true,"href":"https:\/\/duosebetso.fr\/index.php?rest_route=\/wp\/v2\/users\/1"}],"replies":[{"embeddable":true,"href":"https:\/\/duosebetso.fr\/index.php?rest_route=%2Fwp%2Fv2%2Fcomments&post=307"}],"version-history":[{"count":19,"href":"https:\/\/duosebetso.fr\/index.php?rest_route=\/wp\/v2\/pages\/307\/revisions"}],"predecessor-version":[{"id":597,"href":"https:\/\/duosebetso.fr\/index.php?rest_route=\/wp\/v2\/pages\/307\/revisions\/597"}],"wp:attachment":[{"href":"https:\/\/duosebetso.fr\/index.php?rest_route=%2Fwp%2Fv2%2Fmedia&parent=307"}],"curies":[{"name":"wp","href":"https:\/\/api.w.org\/{rel}","templated":true}]}}